{"id":3183,"date":"2025-12-12T10:56:20","date_gmt":"2025-12-12T10:56:20","guid":{"rendered":"https:\/\/taula-26.com\/?page_id=3183"},"modified":"2026-01-07T07:58:52","modified_gmt":"2026-01-07T07:58:52","slug":"menu-de-grupos-en-vilanova-y-la-geltru","status":"publish","type":"page","link":"https:\/\/taula-26.com\/es\/menu-de-grups-a-vilanova-i-la-geltru\/","title":{"rendered":"Men\u00fa de grupos"},"content":{"rendered":"\t\t<div data-elementor-type=\"wp-page\" data-elementor-id=\"3183\" class=\"elementor elementor-3183\" data-elementor-post-type=\"page\">\n\t\t\t\t<div class=\"elementor-element elementor-element-4ebd23d e-con-full e-flex e-con e-parent\" data-id=\"4ebd23d\" data-element_type=\"container\" data-e-type=\"container\" data-settings=\"{&quot;background_background&quot;:&quot;classic&quot;,&quot;animation&quot;:&quot;none&quot;}\">\n\t\t<div class=\"elementor-element elementor-element-8296166 e-con-full e-flex elementor-invisible e-con e-child\" data-id=\"8296166\" data-element_type=\"container\" data-e-type=\"container\" data-settings=\"{&quot;animation&quot;:&quot;fadeIn&quot;}\">\n\t\t\t\t<div class=\"elementor-element elementor-element-13fcd3b elementor-widget elementor-widget-heading\" data-id=\"13fcd3b\" data-element_type=\"widget\" data-e-type=\"widget\" data-settings=\"{&quot;_animation&quot;:&quot;none&quot;}\" data-widget_type=\"heading.default\">\n\t\t\t\t<div class=\"elementor-widget-container\">\n\t\t\t\t\t<h1 class=\"elementor-heading-title elementor-size-default\">Men\u00fa de grups a Vilanova i la Geltr\u00fa<\/h1>\t\t\t\t<\/div>\n\t\t\t\t<\/div>\n\t\t\t\t<div class=\"elementor-element elementor-element-7e4d687 elementor-widget elementor-widget-heading\" data-id=\"7e4d687\" data-element_type=\"widget\" data-e-type=\"widget\" data-settings=\"{&quot;_animation&quot;:&quot;none&quot;,&quot;_animation_delay&quot;:100}\" data-widget_type=\"heading.default\">\n\t\t\t\t<div class=\"elementor-widget-container\">\n\t\t\t\t\t<h2 class=\"elementor-heading-title elementor-size-default\">Moments per compartir<\/h2>\t\t\t\t<\/div>\n\t\t\t\t<\/div>\n\t\t\t\t<div class=\"elementor-element elementor-element-52495d8 elementor-widget elementor-widget-breadcrumbs\" data-id=\"52495d8\" data-element_type=\"widget\" data-e-type=\"widget\" data-settings=\"{&quot;_animation&quot;:&quot;none&quot;}\" data-widget_type=\"breadcrumbs.default\">\n\t\t\t\t<div class=\"elementor-widget-container\">\n\t\t\t\t\t<nav aria-label=\"breadcrumbs\" class=\"rank-math-breadcrumb\"><p><span class=\"last\">Inici<\/span><\/p><\/nav>\t\t\t\t<\/div>\n\t\t\t\t<\/div>\n\t\t\t\t<\/div>\n\t\t\t\t<\/div>\n\t\t<div class=\"elementor-element elementor-element-74c76dd e-flex e-con-boxed e-con e-parent\" data-id=\"74c76dd\" data-element_type=\"container\" data-e-type=\"container\" data-settings=\"{&quot;background_background&quot;:&quot;classic&quot;,&quot;animation&quot;:&quot;none&quot;}\">\n\t\t\t\t\t<div class=\"e-con-inner\">\n\t\t<div class=\"elementor-element elementor-element-479de24 e-con-full e-flex elementor-invisible e-con e-child\" data-id=\"479de24\" data-element_type=\"container\" data-e-type=\"container\" data-settings=\"{&quot;animation&quot;:&quot;fadeInUp&quot;}\">\n\t\t\t\t<div class=\"elementor-element elementor-element-0c8ce4a elementor-widget__width-initial elementor-invisible elementor-widget elementor-widget-text-editor\" data-id=\"0c8ce4a\" data-element_type=\"widget\" data-e-type=\"widget\" data-settings=\"{&quot;_animation&quot;:&quot;fadeInUp&quot;,&quot;_animation_delay&quot;:250}\" data-widget_type=\"text-editor.default\">\n\t\t\t\t<div class=\"elementor-widget-container\">\n\t\t\t\t\t\t\t\t\t<p>A Taula_26 oferim propostes de men\u00fa de grups, pensats per compartir, adaptar-se a cada ocasi\u00f3 i gaudir d\u2019una experi\u00e8ncia gastron\u00f2mica propera i cuidada.<\/p>\t\t\t\t\t\t\t\t<\/div>\n\t\t\t\t<\/div>\n\t\t\t\t<div class=\"elementor-element elementor-element-bedc795 elementor-align-center btn-relleno-vertical elementor-invisible elementor-widget elementor-widget-button\" data-id=\"bedc795\" data-element_type=\"widget\" data-e-type=\"widget\" data-settings=\"{&quot;_animation&quot;:&quot;fadeInUp&quot;,&quot;_animation_delay&quot;:350}\" data-widget_type=\"button.default\">\n\t\t\t\t<div class=\"elementor-widget-container\">\n\t\t\t\t\t\t\t\t\t<div class=\"elementor-button-wrapper\">\n\t\t\t\t\t<a class=\"elementor-button elementor-button-link elementor-size-sm\" href=\"https:\/\/taula-26.com\/wp-content\/uploads\/2026\/01\/Menu-de-grups-taula26.pdf\" target=\"_blank\">\n\t\t\t\t\t\t<span class=\"elementor-button-content-wrapper\">\n\t\t\t\t\t\t\t\t\t<span class=\"elementor-button-text\">Consulta el nostre men\u00fa de grups<\/span>\n\t\t\t\t\t<\/span>\n\t\t\t\t\t<\/a>\n\t\t\t\t<\/div>\n\t\t\t\t\t\t\t\t<\/div>\n\t\t\t\t<\/div>\n\t\t\t\t<\/div>\n\t\t<div class=\"elementor-element elementor-element-bbfa881 e-con-full e-flex e-con e-child\" data-id=\"bbfa881\" data-element_type=\"container\" data-e-type=\"container\" data-settings=\"{&quot;background_background&quot;:&quot;slideshow&quot;,&quot;background_slideshow_gallery&quot;:[{&quot;id&quot;:2657,&quot;url&quot;:&quot;https:\\\/\\\/taula-26.com\\\/wp-content\\\/uploads\\\/2025\\\/11\\\/Taula26_Madvelous_CarlosRodelasMedia-6-scaled.jpg&quot;},{&quot;id&quot;:2764,&quot;url&quot;:&quot;https:\\\/\\\/taula-26.com\\\/wp-content\\\/uploads\\\/2025\\\/11\\\/Taula26_Madvelous_CarlosRodelasMedia-44-scaled.jpg&quot;},{&quot;id&quot;:2654,&quot;url&quot;:&quot;https:\\\/\\\/taula-26.com\\\/wp-content\\\/uploads\\\/2025\\\/11\\\/Taula26_Madvelous_CarlosRodelasMedia-26-scaled.jpg&quot;},{&quot;id&quot;:2920,&quot;url&quot;:&quot;https:\\\/\\\/taula-26.com\\\/wp-content\\\/uploads\\\/2025\\\/11\\\/Taula26_Mes1_CarlosRodelasMedia-42-scaled.jpg&quot;}],&quot;background_slideshow_ken_burns&quot;:&quot;yes&quot;,&quot;background_slideshow_loop&quot;:&quot;yes&quot;,&quot;background_slideshow_slide_duration&quot;:5000,&quot;background_slideshow_slide_transition&quot;:&quot;fade&quot;,&quot;background_slideshow_transition_duration&quot;:500,&quot;background_slideshow_ken_burns_zoom_direction&quot;:&quot;in&quot;}\">\n\t\t\t\t<\/div>\n\t\t\t\t\t<\/div>\n\t\t\t\t<\/div>\n\t\t\t\t<\/div>\n\t\t","protected":false},"excerpt":{"rendered":"<p>Men\u00fa de grupos en Vilanova y la Geltr\u00fa Momentos para compartir Inicio En Taula_26 ofrecemos propuestas de men\u00fa de grupos, pensados para compartir, adaptarse a cada ocasi\u00f3n y disfrutar de una experiencia gastron\u00f3mica cercana y cuidada. Consulta nuestro men\u00fa de grupos<\/p>","protected":false},"author":1,"featured_media":0,"parent":0,"menu_order":0,"comment_status":"closed","ping_status":"closed","template":"","meta":{"menu_setmanal_pdf":"","menu_setmanal_data":"","footnotes":""},"class_list":["post-3183","page","type-page","status-publish","hentry"],"_links":{"self":[{"href":"https:\/\/taula-26.com\/es\/wp-json\/wp\/v2\/pages\/3183","targetHints":{"allow":["GET"]}}],"collection":[{"href":"https:\/\/taula-26.com\/es\/wp-json\/wp\/v2\/pages"}],"about":[{"href":"https:\/\/taula-26.com\/es\/wp-json\/wp\/v2\/types\/page"}],"author":[{"embeddable":true,"href":"https:\/\/taula-26.com\/es\/wp-json\/wp\/v2\/users\/1"}],"replies":[{"embeddable":true,"href":"https:\/\/taula-26.com\/es\/wp-json\/wp\/v2\/comments?post=3183"}],"version-history":[{"count":74,"href":"https:\/\/taula-26.com\/es\/wp-json\/wp\/v2\/pages\/3183\/revisions"}],"predecessor-version":[{"id":3687,"href":"https:\/\/taula-26.com\/es\/wp-json\/wp\/v2\/pages\/3183\/revisions\/3687"}],"wp:attachment":[{"href":"https:\/\/taula-26.com\/es\/wp-json\/wp\/v2\/media?parent=3183"}],"curies":[{"name":"wp","href":"https:\/\/api.w.org\/{rel}","templated":true}]}}