{"id":1556,"date":"2024-11-06T15:18:49","date_gmt":"2024-11-06T15:18:49","guid":{"rendered":"https:\/\/taula-26.com\/?page_id=1556"},"modified":"2025-12-02T11:11:25","modified_gmt":"2025-12-02T11:11:25","slug":"declaracion-de-accesibilidad","status":"publish","type":"page","link":"https:\/\/taula-26.com\/es\/declaracio-daccessibilitat\/","title":{"rendered":"Declaraci\u00f3n de accesibilidad"},"content":{"rendered":"\t\t<div data-elementor-type=\"wp-page\" data-elementor-id=\"1556\" class=\"elementor elementor-1556\" data-elementor-post-type=\"page\">\n\t\t\t\t<div class=\"elementor-element elementor-element-a388832 e-con-full e-flex e-con e-parent\" data-id=\"a388832\" data-element_type=\"container\" data-e-type=\"container\" data-settings=\"{&quot;background_background&quot;:&quot;slideshow&quot;,&quot;background_slideshow_gallery&quot;:[{&quot;id&quot;:2654,&quot;url&quot;:&quot;https:\\\/\\\/taula-26.com\\\/wp-content\\\/uploads\\\/2025\\\/11\\\/Taula26_Madvelous_CarlosRodelasMedia-26-scaled.jpg&quot;},{&quot;id&quot;:2826,&quot;url&quot;:&quot;https:\\\/\\\/taula-26.com\\\/wp-content\\\/uploads\\\/2025\\\/11\\\/2506-Taula26-Ambient-64-scaled.jpg&quot;},{&quot;id&quot;:2904,&quot;url&quot;:&quot;https:\\\/\\\/taula-26.com\\\/wp-content\\\/uploads\\\/2025\\\/11\\\/Taula26_Madvelous_CarlosRodelasMedia-12-1-scaled.jpg&quot;}],&quot;background_slideshow_ken_burns&quot;:&quot;yes&quot;,&quot;background_slideshow_loop&quot;:&quot;yes&quot;,&quot;background_slideshow_slide_duration&quot;:5000,&quot;background_slideshow_slide_transition&quot;:&quot;fade&quot;,&quot;background_slideshow_transition_duration&quot;:500,&quot;background_slideshow_ken_burns_zoom_direction&quot;:&quot;in&quot;}\">\n\t\t<div class=\"elementor-element elementor-element-a59577d e-con-full e-flex elementor-invisible e-con e-child\" data-id=\"a59577d\" data-element_type=\"container\" data-e-type=\"container\" data-settings=\"{&quot;animation&quot;:&quot;fadeInUp&quot;}\">\n\t\t\t\t<div class=\"elementor-element elementor-element-8e9b1d1 elementor-invisible elementor-widget elementor-widget-heading\" data-id=\"8e9b1d1\" data-element_type=\"widget\" data-e-type=\"widget\" data-settings=\"{&quot;_animation&quot;:&quot;fadeInUp&quot;}\" data-widget_type=\"heading.default\">\n\t\t\t\t<div class=\"elementor-widget-container\">\n\t\t\t\t\t<p class=\"elementor-heading-title elementor-size-default\">Restaurant a Vilanova i la Geltr\u00fa<\/p>\t\t\t\t<\/div>\n\t\t\t\t<\/div>\n\t\t\t\t<div class=\"elementor-element elementor-element-2427801 elementor-invisible elementor-widget elementor-widget-heading\" data-id=\"2427801\" data-element_type=\"widget\" data-e-type=\"widget\" data-settings=\"{&quot;_animation&quot;:&quot;fadeInUp&quot;,&quot;_animation_delay&quot;:100}\" data-widget_type=\"heading.default\">\n\t\t\t\t<div class=\"elementor-widget-container\">\n\t\t\t\t\t<h1 class=\"elementor-heading-title elementor-size-default\">Declaraci\u00f3 d&#8217;accessibilitat<\/h1>\t\t\t\t<\/div>\n\t\t\t\t<\/div>\n\t\t\t\t<\/div>\n\t\t\t\t<\/div>\n\t\t<div class=\"elementor-element elementor-element-cb23858 e-flex e-con-boxed e-con e-parent\" data-id=\"cb23858\" data-element_type=\"container\" data-e-type=\"container\">\n\t\t\t\t\t<div class=\"e-con-inner\">\n\t\t\t\t<div class=\"elementor-element elementor-element-3028c76 elementor-widget elementor-widget-text-editor\" data-id=\"3028c76\" data-element_type=\"widget\" data-e-type=\"widget\" data-widget_type=\"text-editor.default\">\n\t\t\t\t<div class=\"elementor-widget-container\">\n\t\t\t\t\t\t\t\t\t<p data-pm-slice=\"1 3 []\">Estem compromesos a fer accessible el nostre lloc web de conformitat amb el Reial decret 1112\/2018, de 7 de setembre, sobre l\u2019accessibilitat dels llocs web i aplicacions per a dispositius m\u00f2bils del sector p\u00fablic (en endavant, Reial decret 1112\/2018, de 7 de setembre).<\/p><p><strong>Situaci\u00f3 de compliment<\/strong><\/p><p>Aquest lloc web \u00e9s parcialment conforme amb el Reial decret 1112\/2018, de 7 de setembre, a causa de la manca de conformitat dels aspectes que s\u2019indiquen a continuaci\u00f3.<\/p><p><strong>Contingut no accessible<\/strong><\/p><p>El contingut que es recull a continuaci\u00f3 no \u00e9s accessible per les raons seg\u00fcents:<\/p><ul><li><p>C\u00e0rrega desproporcionada: no s&#8217;aplica.<\/p><\/li><\/ul><p><strong>Preparaci\u00f3 de la present declaraci\u00f3 d\u2019accessibilitat<\/strong><\/p><p>La present declaraci\u00f3 va ser preparada el 6 de novembre de 2024. El m\u00e8tode emprat per preparar la declaraci\u00f3 ha estat una autoavaluaci\u00f3 realitzada pel propi organisme.<\/p><p><strong>Observacions i dades de contacte<\/strong><\/p><p>Pot realitzar comunicacions sobre els requisits d\u2019accessibilitat (article 10.2.a) del Reial decret 1112\/2018, de 7 de setembre), com ara:<\/p><ul><li><p>Informar sobre qualsevol possible incompliment per part d\u2019aquest lloc web.<\/p><\/li><li><p>Transmetre altres dificultats d\u2019acc\u00e9s al contingut.<\/p><\/li><li><p>Formular qualsevol altra consulta o suggeriment de millora relativa a l\u2019accessibilitat del lloc web.<\/p><\/li><\/ul><p>A trav\u00e9s de les seg\u00fcents vies:<\/p><ul><li><p>Correu electr\u00f2nic:\u00a0 <a href=\"mailto:reserves@taula26.com\"><span class=\"elementor-icon-list-text\">reserves@taula26.com<\/span><\/a><\/p><\/li><li><p>Tel\u00e8fon: <a href=\"tel:+34605919899\"><span class=\"elementor-icon-list-text\">+34 605 919 899<\/span><\/a><\/p><\/li><\/ul><p>Les comunicacions seran rebudes i tractades per la direcci\u00f3 de l\u2019empresa, com a unitat responsable dels continguts d\u2019aquest lloc web.<\/p><p><strong>Contingut opcional<\/strong><\/p><p>La versi\u00f3 actualment visible d\u2019aquest lloc web \u00e9s de novembre de 2024 i en aquesta data es va fer la revisi\u00f3 del nivell d\u2019accessibilitat vigent en aquell moment. A partir d\u2019aquesta data, es duen a terme revisions parcials di\u00e0ries del contingut web nou o modificat, tant de les plantilles com de les p\u00e0gines i documents finals publicats, per tal d\u2019assegurar el compliment dels requisits d\u2019accessibilitat de la Norma UNE-EN 301549:2019, considerant les excepcions del Reial decret 1112\/2018, de 7 de setembre.<\/p><p>Entre altres, s\u2019adopten les seg\u00fcents mesures per facilitar l\u2019accessibilitat:<\/p><ul><li><p>Utilitzaci\u00f3 de text alternatiu a les imatges.<\/p><\/li><li><p>Els enlla\u00e7os ofereixen detalls de la funci\u00f3 o dest\u00ed de l\u2019hipervincle.<\/p><\/li><li><p>\u00das dels est\u00e0ndards del W3C: XHTML 1.0, CSS 3.0, WAI AA.<\/p><\/li><\/ul>\t\t\t\t\t\t\t\t<\/div>\n\t\t\t\t<\/div>\n\t\t\t\t\t<\/div>\n\t\t\t\t<\/div>\n\t\t\t\t<\/div>\n\t\t","protected":false},"excerpt":{"rendered":"<p>Restaurant a Vilanova i la Geltr\u00fa Estem compromesos a fer accessible el nostre lloc web de conformitat amb el Reial decret 1112\/2018, de 7 de setembre, sobre l\u2019accessibilitat dels llocs web i aplicacions per a dispositius m\u00f2bils del sector p\u00fablic (en endavant, Reial decret 1112\/2018, de 7 de setembre). Situaci\u00f3 de compliment Aquest lloc web [&hellip;]<\/p>\n","protected":false},"author":1,"featured_media":0,"parent":0,"menu_order":0,"comment_status":"closed","ping_status":"closed","template":"","meta":{"menu_setmanal_pdf":"","menu_setmanal_data":"","footnotes":""},"class_list":["post-1556","page","type-page","status-publish","hentry"],"_links":{"self":[{"href":"https:\/\/taula-26.com\/es\/wp-json\/wp\/v2\/pages\/1556","targetHints":{"allow":["GET"]}}],"collection":[{"href":"https:\/\/taula-26.com\/es\/wp-json\/wp\/v2\/pages"}],"about":[{"href":"https:\/\/taula-26.com\/es\/wp-json\/wp\/v2\/types\/page"}],"author":[{"embeddable":true,"href":"https:\/\/taula-26.com\/es\/wp-json\/wp\/v2\/users\/1"}],"replies":[{"embeddable":true,"href":"https:\/\/taula-26.com\/es\/wp-json\/wp\/v2\/comments?post=1556"}],"version-history":[{"count":7,"href":"https:\/\/taula-26.com\/es\/wp-json\/wp\/v2\/pages\/1556\/revisions"}],"predecessor-version":[{"id":3037,"href":"https:\/\/taula-26.com\/es\/wp-json\/wp\/v2\/pages\/1556\/revisions\/3037"}],"wp:attachment":[{"href":"https:\/\/taula-26.com\/es\/wp-json\/wp\/v2\/media?parent=1556"}],"curies":[{"name":"wp","href":"https:\/\/api.w.org\/{rel}","templated":true}]}}