{"id":3164,"date":"2025-12-12T10:48:56","date_gmt":"2025-12-12T10:48:56","guid":{"rendered":"https:\/\/taula-26.com\/?page_id=3164"},"modified":"2026-03-09T09:00:12","modified_gmt":"2026-03-09T09:00:12","slug":"menus-in-vilanova-i-la-geltru","status":"publish","type":"page","link":"https:\/\/taula-26.com\/en\/menus-a-vilanova-i-la-geltru\/","title":{"rendered":"menus"},"content":{"rendered":"<div data-elementor-type=\"wp-page\" data-elementor-id=\"3164\" class=\"elementor elementor-3164\" data-elementor-post-type=\"page\">\n\t\t\t\t<div class=\"elementor-element elementor-element-1ce9176 e-con-full e-flex e-con e-parent\" data-id=\"1ce9176\" data-element_type=\"container\" data-e-type=\"container\" data-settings=\"{&quot;background_background&quot;:&quot;classic&quot;,&quot;animation&quot;:&quot;none&quot;}\">\n\t\t<div class=\"elementor-element elementor-element-3e3525e e-con-full e-flex elementor-invisible e-con e-child\" data-id=\"3e3525e\" data-element_type=\"container\" data-e-type=\"container\" data-settings=\"{&quot;animation&quot;:&quot;fadeIn&quot;}\">\n\t\t\t\t<div class=\"elementor-element elementor-element-31eacc2 elementor-widget elementor-widget-heading\" data-id=\"31eacc2\" data-element_type=\"widget\" data-e-type=\"widget\" data-settings=\"{&quot;_animation&quot;:&quot;none&quot;}\" data-widget_type=\"heading.default\">\n\t\t\t\t<div class=\"elementor-widget-container\">\n\t\t\t\t\t<h1 class=\"elementor-heading-title elementor-size-default\">Menus in Vilanova i la Geltr\u00fa<\/h1>\t\t\t\t<\/div>\n\t\t\t\t<\/div>\n\t\t\t\t<div class=\"elementor-element elementor-element-100772a elementor-widget elementor-widget-heading\" data-id=\"100772a\" data-element_type=\"widget\" data-e-type=\"widget\" data-settings=\"{&quot;_animation&quot;:&quot;none&quot;,&quot;_animation_delay&quot;:100}\" data-widget_type=\"heading.default\">\n\t\t\t\t<div class=\"elementor-widget-container\">\n\t\t\t\t\t<h2 class=\"elementor-heading-title elementor-size-default\">Menus designed to sit and enjoy<\/h2>\t\t\t\t<\/div>\n\t\t\t\t<\/div>\n\t\t\t\t<div class=\"elementor-element elementor-element-7224b8f elementor-widget elementor-widget-breadcrumbs\" data-id=\"7224b8f\" data-element_type=\"widget\" data-e-type=\"widget\" data-settings=\"{&quot;_animation&quot;:&quot;none&quot;}\" data-widget_type=\"breadcrumbs.default\">\n\t\t\t\t<div class=\"elementor-widget-container\">\n\t\t\t\t\t<nav aria-label=\"breadcrumbs\" class=\"rank-math-breadcrumb\"><p><span class=\"last\">Home<\/span><\/p><\/nav>\t\t\t\t<\/div>\n\t\t\t\t<\/div>\n\t\t\t\t<\/div>\n\t\t\t\t<\/div>\n\t\t<div class=\"elementor-element elementor-element-265a1ca e-flex e-con-boxed e-con e-parent\" data-id=\"265a1ca\" data-element_type=\"container\" data-e-type=\"container\" data-settings=\"{&quot;background_background&quot;:&quot;classic&quot;,&quot;animation&quot;:&quot;none&quot;}\">\n\t\t\t\t\t<div class=\"e-con-inner\">\n\t\t<div class=\"elementor-element elementor-element-ad99b07 e-con-full e-flex elementor-invisible e-con e-child\" data-id=\"ad99b07\" data-element_type=\"container\" data-e-type=\"container\" data-settings=\"{&quot;animation&quot;:&quot;fadeInUp&quot;}\">\n\t\t\t\t<div class=\"elementor-element elementor-element-f169ccf elementor-widget__width-initial elementor-invisible elementor-widget elementor-widget-text-editor\" data-id=\"f169ccf\" data-element_type=\"widget\" data-e-type=\"widget\" data-settings=\"{&quot;_animation&quot;:&quot;fadeInUp&quot;,&quot;_animation_delay&quot;:250}\" data-widget_type=\"text-editor.default\">\n\t\t\t\t<div class=\"elementor-widget-container\">\n\t\t\t\t\t\t\t\t\t<p>The Taula_26 menu includes a selection of dishes that change according to the season, with balanced recipes and a <strong>clear, direct and faithful cuisine<\/strong> to the product.<\/p>\t\t\t\t\t\t\t\t<\/div>\n\t\t\t\t<\/div>\n\t\t\t\t<\/div>\n\t\t\t\t\t<\/div>\n\t\t\t\t<\/div>\n\t\t<div class=\"elementor-element elementor-element-70a98508 e-flex e-con-boxed e-con e-parent\" data-id=\"70a98508\" data-element_type=\"container\" data-e-type=\"container\" data-settings=\"{&quot;background_background&quot;:&quot;classic&quot;}\">\n\t\t\t\t\t<div class=\"e-con-inner\">\n\t\t<div class=\"elementor-element elementor-element-1814464d e-con-full e-grid e-con e-child\" data-id=\"1814464d\" data-element_type=\"container\" data-e-type=\"container\">\n\t\t<a class=\"elementor-element elementor-element-34ed6ea9 e-con-full menu e-flex elementor-invisible e-con e-child\" data-id=\"34ed6ea9\" data-element_type=\"container\" data-e-type=\"container\" data-settings=\"{&quot;animation&quot;:&quot;fadeInDown&quot;,&quot;animation_delay&quot;:100}\">\n\t\t<div class=\"elementor-element elementor-element-176a7549 e-con-full contenedor e-flex e-con e-child\" data-id=\"176a7549\" data-element_type=\"container\" data-e-type=\"container\">\n\t\t\t\t<div class=\"elementor-element elementor-element-348e4832 e-transform elementor-widget elementor-widget-image\" data-id=\"348e4832\" data-element_type=\"widget\" data-e-type=\"widget\" data-settings=\"{&quot;_transform_scale_effect_hover&quot;:{&quot;unit&quot;:&quot;px&quot;,&quot;size&quot;:1.1,&quot;sizes&quot;:[]},&quot;_transform_scale_effect_hover_tablet&quot;:{&quot;unit&quot;:&quot;px&quot;,&quot;size&quot;:&quot;&quot;,&quot;sizes&quot;:[]},&quot;_transform_scale_effect_hover_mobile&quot;:{&quot;unit&quot;:&quot;px&quot;,&quot;size&quot;:&quot;&quot;,&quot;sizes&quot;:[]}}\" data-widget_type=\"image.default\">\n\t\t\t\t<div class=\"elementor-widget-container\">\n\t\t\t\t\t\t\t\t\t\t\t\t\t\t\t<img fetchpriority=\"high\" decoding=\"async\" width=\"1707\" height=\"2560\" src=\"https:\/\/taula-26.com\/wp-content\/uploads\/2025\/11\/Taula26_Madvelous_CarlosRodelasMedia-44-scaled.jpg\" class=\"attachment-full size-full wp-image-2764\" alt=\"\" srcset=\"https:\/\/taula-26.com\/wp-content\/uploads\/2025\/11\/Taula26_Madvelous_CarlosRodelasMedia-44-scaled.jpg 1707w, https:\/\/taula-26.com\/wp-content\/uploads\/2025\/11\/Taula26_Madvelous_CarlosRodelasMedia-44-200x300.jpg 200w, https:\/\/taula-26.com\/wp-content\/uploads\/2025\/11\/Taula26_Madvelous_CarlosRodelasMedia-44-683x1024.jpg 683w, https:\/\/taula-26.com\/wp-content\/uploads\/2025\/11\/Taula26_Madvelous_CarlosRodelasMedia-44-768x1152.jpg 768w, https:\/\/taula-26.com\/wp-content\/uploads\/2025\/11\/Taula26_Madvelous_CarlosRodelasMedia-44-1024x1536.jpg 1024w, https:\/\/taula-26.com\/wp-content\/uploads\/2025\/11\/Taula26_Madvelous_CarlosRodelasMedia-44-1365x2048.jpg 1365w, https:\/\/taula-26.com\/wp-content\/uploads\/2025\/11\/Taula26_Madvelous_CarlosRodelasMedia-44-8x12.jpg 8w\" sizes=\"(max-width: 1707px) 100vw, 1707px\" title=\"\">\t\t\t\t\t\t\t\t\t\t\t\t\t\t\t<\/div>\n\t\t\t\t<\/div>\n\t\t\t\t<\/div>\n\t\t<div class=\"elementor-element elementor-element-1d35766d e-con-full e-flex e-con e-child\" data-id=\"1d35766d\" data-element_type=\"container\" data-e-type=\"container\">\n\t\t\t\t<div class=\"elementor-element elementor-element-1f40a672 elementor-widget__width-initial elementor-widget elementor-widget-heading\" data-id=\"1f40a672\" data-element_type=\"widget\" data-e-type=\"widget\" data-widget_type=\"heading.default\">\n\t\t\t\t<div class=\"elementor-widget-container\">\n\t\t\t\t\t<h2 class=\"elementor-heading-title elementor-size-default\">The lunch menu from Wednesday to Friday<\/h2>\t\t\t\t<\/div>\n\t\t\t\t<\/div>\n\t\t\t\t<div class=\"elementor-element elementor-element-561e9559 pdf elementor-hidden-desktop elementor-hidden-tablet elementor-hidden-mobile elementor-widget elementor-widget-text-editor\" data-id=\"561e9559\" data-element_type=\"widget\" data-e-type=\"widget\" data-widget_type=\"text-editor.default\">\n\t\t\t\t<div class=\"elementor-widget-container\">\n\t\t\t\t\t\t\t\t\t<p>See the daily menu<\/p>\t\t\t\t\t\t\t\t<\/div>\n\t\t\t\t<\/div>\n\t\t\t\t<\/div>\n\t\t\t\t<div class=\"elementor-element elementor-element-824d435 elementor-widget elementor-widget-text-editor\" data-id=\"824d435\" data-element_type=\"widget\" data-e-type=\"widget\" data-widget_type=\"text-editor.default\">\n\t\t\t\t<div class=\"elementor-widget-container\">\n\t\t\t\t\t\t\t\t\t<p>Enjoy the <strong>our weekly menu,<\/strong>\u00a0designed to offer variety and flavor every day.<\/p>\t\t\t\t\t\t\t\t<\/div>\n\t\t\t\t<\/div>\n\t\t\t\t<\/a>\n\t\t<a class=\"elementor-element elementor-element-46c1d7ce e-con-full menu e-flex elementor-invisible e-con e-child\" data-id=\"46c1d7ce\" data-element_type=\"container\" data-e-type=\"container\" data-settings=\"{&quot;animation&quot;:&quot;fadeInDown&quot;,&quot;animation_delay&quot;:300}\" href=\"https:\/\/taula-26.com\/wp-content\/uploads\/2026\/01\/Menu-de-grups-taula26.pdf\" target=\"_blank\">\n\t\t<div class=\"elementor-element elementor-element-755f736d e-con-full contenedor e-flex e-con e-child\" data-id=\"755f736d\" data-element_type=\"container\" data-e-type=\"container\">\n\t\t\t\t<div class=\"elementor-element elementor-element-329a6105 e-transform elementor-widget elementor-widget-image\" data-id=\"329a6105\" data-element_type=\"widget\" data-e-type=\"widget\" data-settings=\"{&quot;_transform_scale_effect_hover&quot;:{&quot;unit&quot;:&quot;px&quot;,&quot;size&quot;:1.1,&quot;sizes&quot;:[]},&quot;_transform_scale_effect_hover_tablet&quot;:{&quot;unit&quot;:&quot;px&quot;,&quot;size&quot;:&quot;&quot;,&quot;sizes&quot;:[]},&quot;_transform_scale_effect_hover_mobile&quot;:{&quot;unit&quot;:&quot;px&quot;,&quot;size&quot;:&quot;&quot;,&quot;sizes&quot;:[]}}\" data-widget_type=\"image.default\">\n\t\t\t\t<div class=\"elementor-widget-container\">\n\t\t\t\t\t\t\t\t\t\t\t\t\t\t\t<img decoding=\"async\" width=\"1707\" height=\"2560\" src=\"https:\/\/taula-26.com\/wp-content\/uploads\/2025\/11\/Taula26_Madvelous_CarlosRodelasMedia-36-scaled.jpg\" class=\"attachment-full size-full wp-image-2765\" alt=\"\" srcset=\"https:\/\/taula-26.com\/wp-content\/uploads\/2025\/11\/Taula26_Madvelous_CarlosRodelasMedia-36-scaled.jpg 1707w, https:\/\/taula-26.com\/wp-content\/uploads\/2025\/11\/Taula26_Madvelous_CarlosRodelasMedia-36-200x300.jpg 200w, https:\/\/taula-26.com\/wp-content\/uploads\/2025\/11\/Taula26_Madvelous_CarlosRodelasMedia-36-683x1024.jpg 683w, https:\/\/taula-26.com\/wp-content\/uploads\/2025\/11\/Taula26_Madvelous_CarlosRodelasMedia-36-768x1152.jpg 768w, https:\/\/taula-26.com\/wp-content\/uploads\/2025\/11\/Taula26_Madvelous_CarlosRodelasMedia-36-1024x1536.jpg 1024w, https:\/\/taula-26.com\/wp-content\/uploads\/2025\/11\/Taula26_Madvelous_CarlosRodelasMedia-36-1365x2048.jpg 1365w, https:\/\/taula-26.com\/wp-content\/uploads\/2025\/11\/Taula26_Madvelous_CarlosRodelasMedia-36-8x12.jpg 8w\" sizes=\"(max-width: 1707px) 100vw, 1707px\" title=\"\">\t\t\t\t\t\t\t\t\t\t\t\t\t\t\t<\/div>\n\t\t\t\t<\/div>\n\t\t\t\t<\/div>\n\t\t<div class=\"elementor-element elementor-element-d57949f e-con-full e-flex e-con e-child\" data-id=\"d57949f\" data-element_type=\"container\" data-e-type=\"container\">\n\t\t\t\t<div class=\"elementor-element elementor-element-5046ad81 elementor-widget elementor-widget-heading\" data-id=\"5046ad81\" data-element_type=\"widget\" data-e-type=\"widget\" data-widget_type=\"heading.default\">\n\t\t\t\t<div class=\"elementor-widget-container\">\n\t\t\t\t\t<h2 class=\"elementor-heading-title elementor-size-default\">Group Menus<\/h2>\t\t\t\t<\/div>\n\t\t\t\t<\/div>\n\t\t\t\t<div class=\"elementor-element elementor-element-7c238e95 pdf elementor-widget elementor-widget-text-editor\" data-id=\"7c238e95\" data-element_type=\"widget\" data-e-type=\"widget\" data-widget_type=\"text-editor.default\">\n\t\t\t\t<div class=\"elementor-widget-container\">\n\t\t\t\t\t\t\t\t\t<p>View group menus<\/p>\t\t\t\t\t\t\t\t<\/div>\n\t\t\t\t<\/div>\n\t\t\t\t<\/div>\n\t\t\t\t<div class=\"elementor-element elementor-element-1dcff13d elementor-widget elementor-widget-text-editor\" data-id=\"1dcff13d\" data-element_type=\"widget\" data-e-type=\"widget\" data-widget_type=\"text-editor.default\">\n\t\t\t\t<div class=\"elementor-widget-container\">\n\t\t\t\t\t\t\t\t\t<p>Discover our group menus (minimum 10 people), a proposal designed to offer a <strong>balanced combination.<\/strong><\/p>\t\t\t\t\t\t\t\t<\/div>\n\t\t\t\t<\/div>\n\t\t\t\t<\/a>\n\t\t<a class=\"elementor-element elementor-element-b059059 e-con-full menu e-flex elementor-invisible e-con e-child\" data-id=\"b059059\" data-element_type=\"container\" data-e-type=\"container\" data-settings=\"{&quot;animation&quot;:&quot;fadeInDown&quot;,&quot;animation_delay&quot;:400}\" href=\"https:\/\/taula-26.com\/en\/contacte\/\" target=\"_blank\">\n\t\t<div class=\"elementor-element elementor-element-18996edf e-con-full contenedor e-flex e-con e-child\" data-id=\"18996edf\" data-element_type=\"container\" data-e-type=\"container\">\n\t\t\t\t<div class=\"elementor-element elementor-element-5066b410 e-transform elementor-widget elementor-widget-image\" data-id=\"5066b410\" data-element_type=\"widget\" data-e-type=\"widget\" data-settings=\"{&quot;_transform_scale_effect_hover&quot;:{&quot;unit&quot;:&quot;px&quot;,&quot;size&quot;:1.1,&quot;sizes&quot;:[]},&quot;_transform_scale_effect_hover_tablet&quot;:{&quot;unit&quot;:&quot;px&quot;,&quot;size&quot;:&quot;&quot;,&quot;sizes&quot;:[]},&quot;_transform_scale_effect_hover_mobile&quot;:{&quot;unit&quot;:&quot;px&quot;,&quot;size&quot;:&quot;&quot;,&quot;sizes&quot;:[]}}\" data-widget_type=\"image.default\">\n\t\t\t\t<div class=\"elementor-widget-container\">\n\t\t\t\t\t\t\t\t\t\t\t\t\t\t\t<img decoding=\"async\" width=\"1707\" height=\"2560\" src=\"https:\/\/taula-26.com\/wp-content\/uploads\/2025\/12\/2506-Taula26-Ambient-23-scaled.jpg\" class=\"attachment-full size-full wp-image-3480\" alt=\"Restaurant in Vilanova i la Geltr\u00fa\" srcset=\"https:\/\/taula-26.com\/wp-content\/uploads\/2025\/12\/2506-Taula26-Ambient-23-scaled.jpg 1707w, https:\/\/taula-26.com\/wp-content\/uploads\/2025\/12\/2506-Taula26-Ambient-23-200x300.jpg 200w, https:\/\/taula-26.com\/wp-content\/uploads\/2025\/12\/2506-Taula26-Ambient-23-683x1024.jpg 683w, https:\/\/taula-26.com\/wp-content\/uploads\/2025\/12\/2506-Taula26-Ambient-23-768x1152.jpg 768w, https:\/\/taula-26.com\/wp-content\/uploads\/2025\/12\/2506-Taula26-Ambient-23-1024x1536.jpg 1024w, https:\/\/taula-26.com\/wp-content\/uploads\/2025\/12\/2506-Taula26-Ambient-23-1366x2048.jpg 1366w, https:\/\/taula-26.com\/wp-content\/uploads\/2025\/12\/2506-Taula26-Ambient-23-8x12.jpg 8w\" sizes=\"(max-width: 1707px) 100vw, 1707px\" title=\"\">\t\t\t\t\t\t\t\t\t\t\t\t\t\t\t<\/div>\n\t\t\t\t<\/div>\n\t\t\t\t<\/div>\n\t\t<div class=\"elementor-element elementor-element-49c38ec4 e-con-full e-flex e-con e-child\" data-id=\"49c38ec4\" data-element_type=\"container\" data-e-type=\"container\">\n\t\t\t\t<div class=\"elementor-element elementor-element-7e1148b9 elementor-widget-tablet__width-initial elementor-widget elementor-widget-heading\" data-id=\"7e1148b9\" data-element_type=\"widget\" data-e-type=\"widget\" data-widget_type=\"heading.default\">\n\t\t\t\t<div class=\"elementor-widget-container\">\n\t\t\t\t\t<h2 class=\"elementor-heading-title elementor-size-default\">Give a gastronomic menu as a gift<\/h2>\t\t\t\t<\/div>\n\t\t\t\t<\/div>\n\t\t\t\t<div class=\"elementor-element elementor-element-7337d86b pdf elementor-widget__width-initial elementor-widget elementor-widget-text-editor\" data-id=\"7337d86b\" data-element_type=\"widget\" data-e-type=\"widget\" data-widget_type=\"text-editor.default\">\n\t\t\t\t<div class=\"elementor-widget-container\">\n\t\t\t\t\t\t\t\t\t<p>Give away<\/p>\t\t\t\t\t\t\t\t<\/div>\n\t\t\t\t<\/div>\n\t\t\t\t<\/div>\n\t\t\t\t<div class=\"elementor-element elementor-element-22e60d13 elementor-widget elementor-widget-text-editor\" data-id=\"22e60d13\" data-element_type=\"widget\" data-e-type=\"widget\" data-widget_type=\"text-editor.default\">\n\t\t\t\t<div class=\"elementor-widget-container\">\n\t\t\t\t\t\t\t\t\t<p><strong>PRICE 55 EUR<\/strong><\/p><p><strong>DRINKS ASIDE\u00a0<\/strong><\/p>\t\t\t\t\t\t\t\t<\/div>\n\t\t\t\t<\/div>\n\t\t\t\t<\/a>\n\t\t\t\t<\/div>\n\t\t\t\t\t<\/div>\n\t\t\t\t<\/div>\n\t\t\t\t<\/div>","protected":false},"excerpt":{"rendered":"<p>Men\u00fas a Vilanova i la Geltr\u00fa Men\u00fas pensats per seure i gaudir Inici El men\u00fas de Taula_26 recull una selecci\u00f3 de plats que canvien segons la temporada, amb receptes equilibrades i una cuina clara, directa i fidel al producte. El men\u00fa de mitgdia de dimecres a divendres Veure el men\u00fa diari Gaudeix del nostre men\u00fa [&hellip;]<\/p>\n","protected":false},"author":1,"featured_media":0,"parent":0,"menu_order":0,"comment_status":"closed","ping_status":"closed","template":"","meta":{"menu_setmanal_pdf":"","menu_setmanal_data":"","footnotes":""},"class_list":["post-3164","page","type-page","status-publish","hentry"],"_links":{"self":[{"href":"https:\/\/taula-26.com\/en\/wp-json\/wp\/v2\/pages\/3164","targetHints":{"allow":["GET"]}}],"collection":[{"href":"https:\/\/taula-26.com\/en\/wp-json\/wp\/v2\/pages"}],"about":[{"href":"https:\/\/taula-26.com\/en\/wp-json\/wp\/v2\/types\/page"}],"author":[{"embeddable":true,"href":"https:\/\/taula-26.com\/en\/wp-json\/wp\/v2\/users\/1"}],"replies":[{"embeddable":true,"href":"https:\/\/taula-26.com\/en\/wp-json\/wp\/v2\/comments?post=3164"}],"version-history":[{"count":130,"href":"https:\/\/taula-26.com\/en\/wp-json\/wp\/v2\/pages\/3164\/revisions"}],"predecessor-version":[{"id":3772,"href":"https:\/\/taula-26.com\/en\/wp-json\/wp\/v2\/pages\/3164\/revisions\/3772"}],"wp:attachment":[{"href":"https:\/\/taula-26.com\/en\/wp-json\/wp\/v2\/media?parent=3164"}],"curies":[{"name":"wp","href":"https:\/\/api.w.org\/{rel}","templated":true}]}}