{"id":2691,"date":"2025-11-10T12:29:18","date_gmt":"2025-11-10T12:29:18","guid":{"rendered":"https:\/\/taula-26.com\/?page_id=2691"},"modified":"2026-03-13T08:48:26","modified_gmt":"2026-03-13T08:48:26","slug":"restaurant-menu-in-vilanova-and-la-geltru","status":"publish","type":"page","link":"https:\/\/taula-26.com\/en\/carta-del-restaurant-a-vilanova-i-la-geltru\/","title":{"rendered":"The letter"},"content":{"rendered":"\t\t<div data-elementor-type=\"wp-page\" data-elementor-id=\"2691\" class=\"elementor elementor-2691\" data-elementor-post-type=\"page\">\n\t\t\t\t<div class=\"elementor-element elementor-element-8da588f e-con-full e-flex e-con e-parent\" data-id=\"8da588f\" data-element_type=\"container\" data-e-type=\"container\" data-settings=\"{&quot;background_background&quot;:&quot;classic&quot;,&quot;animation&quot;:&quot;none&quot;}\">\n\t\t<div class=\"elementor-element elementor-element-0cb8c52 e-con-full e-flex elementor-invisible e-con e-child\" data-id=\"0cb8c52\" data-element_type=\"container\" data-e-type=\"container\" data-settings=\"{&quot;animation&quot;:&quot;fadeIn&quot;}\">\n\t\t\t\t<div class=\"elementor-element elementor-element-96d91a2 elementor-widget elementor-widget-heading\" data-id=\"96d91a2\" data-element_type=\"widget\" data-e-type=\"widget\" data-settings=\"{&quot;_animation&quot;:&quot;none&quot;}\" data-widget_type=\"heading.default\">\n\t\t\t\t<div class=\"elementor-widget-container\">\n\t\t\t\t\t<h1 class=\"elementor-heading-title elementor-size-default\">Carta del restaurant a Vilanova i la Geltr\u00fa<\/h1>\t\t\t\t<\/div>\n\t\t\t\t<\/div>\n\t\t\t\t<div class=\"elementor-element elementor-element-3452835 elementor-widget elementor-widget-heading\" data-id=\"3452835\" data-element_type=\"widget\" data-e-type=\"widget\" data-settings=\"{&quot;_animation&quot;:&quot;none&quot;,&quot;_animation_delay&quot;:100}\" data-widget_type=\"heading.default\">\n\t\t\t\t<div class=\"elementor-widget-container\">\n\t\t\t\t\t<h2 class=\"elementor-heading-title elementor-size-default\">Carta que parla de qu\u00e8 som avui<\/h2>\t\t\t\t<\/div>\n\t\t\t\t<\/div>\n\t\t\t\t<div class=\"elementor-element elementor-element-95d534b elementor-widget elementor-widget-breadcrumbs\" data-id=\"95d534b\" data-element_type=\"widget\" data-e-type=\"widget\" data-settings=\"{&quot;_animation&quot;:&quot;none&quot;}\" data-widget_type=\"breadcrumbs.default\">\n\t\t\t\t<div class=\"elementor-widget-container\">\n\t\t\t\t\t<nav aria-label=\"breadcrumbs\" class=\"rank-math-breadcrumb\"><p><span class=\"last\">Inici<\/span><\/p><\/nav>\t\t\t\t<\/div>\n\t\t\t\t<\/div>\n\t\t\t\t<\/div>\n\t\t\t\t<\/div>\n\t\t<div class=\"elementor-element elementor-element-1633b486 e-flex e-con-boxed e-con e-parent\" data-id=\"1633b486\" data-element_type=\"container\" data-e-type=\"container\" data-settings=\"{&quot;background_background&quot;:&quot;classic&quot;,&quot;animation&quot;:&quot;none&quot;}\">\n\t\t\t\t\t<div class=\"e-con-inner\">\n\t\t<div class=\"elementor-element elementor-element-38d947c1 e-con-full e-flex elementor-invisible e-con e-child\" data-id=\"38d947c1\" data-element_type=\"container\" data-e-type=\"container\" data-settings=\"{&quot;animation&quot;:&quot;fadeInUp&quot;}\">\n\t\t\t\t<div class=\"elementor-element elementor-element-7676eba4 elementor-widget__width-initial elementor-invisible elementor-widget elementor-widget-text-editor\" data-id=\"7676eba4\" data-element_type=\"widget\" data-e-type=\"widget\" data-settings=\"{&quot;_animation&quot;:&quot;fadeInUp&quot;,&quot;_animation_delay&quot;:250}\" data-widget_type=\"text-editor.default\">\n\t\t\t\t<div class=\"elementor-widget-container\">\n\t\t\t\t\t\t\t\t\t<p>A Taula_26 apostem per una cuina senzilla i cuidada, basada en el <strong>respecte pel producte i la temporalitat.<\/strong> La nostra carta evoluciona per oferir sempre sabors equilibrats, plats pensats per compartir i una experi\u00e8ncia gastron\u00f2mica aut\u00e8ntica, sense artificis.<\/p>\t\t\t\t\t\t\t\t<\/div>\n\t\t\t\t<\/div>\n\t\t\t\t<div class=\"elementor-element elementor-element-b699752 elementor-align-center btn-relleno-vertical elementor-invisible elementor-widget elementor-widget-button\" data-id=\"b699752\" data-element_type=\"widget\" data-e-type=\"widget\" data-settings=\"{&quot;_animation&quot;:&quot;fadeInUp&quot;,&quot;_animation_delay&quot;:350}\" data-widget_type=\"button.default\">\n\t\t\t\t<div class=\"elementor-widget-container\">\n\t\t\t\t\t\t\t\t\t<div class=\"elementor-button-wrapper\">\n\t\t\t\t\t<a class=\"elementor-button elementor-button-link elementor-size-sm\" href=\"https:\/\/taula-26.com\/wp-content\/uploads\/2026\/03\/CARTA_2026.pdf\" target=\"_blank\">\n\t\t\t\t\t\t<span class=\"elementor-button-content-wrapper\">\n\t\t\t\t\t\t\t\t\t<span class=\"elementor-button-text\">Veure la nostra carta<\/span>\n\t\t\t\t\t<\/span>\n\t\t\t\t\t<\/a>\n\t\t\t\t<\/div>\n\t\t\t\t\t\t\t\t<\/div>\n\t\t\t\t<\/div>\n\t\t\t\t<\/div>\n\t\t<div class=\"elementor-element elementor-element-6226b2ea e-con-full e-flex e-con e-child\" data-id=\"6226b2ea\" data-element_type=\"container\" data-e-type=\"container\" data-settings=\"{&quot;background_background&quot;:&quot;slideshow&quot;,&quot;background_slideshow_gallery&quot;:[{&quot;id&quot;:3794,&quot;url&quot;:&quot;https:\\\/\\\/taula-26.com\\\/wp-content\\\/uploads\\\/2026\\\/03\\\/IMG-20260311-WA0007.jpg&quot;},{&quot;id&quot;:3796,&quot;url&quot;:&quot;https:\\\/\\\/taula-26.com\\\/wp-content\\\/uploads\\\/2026\\\/03\\\/IMG-20260311-WA0011.jpg&quot;},{&quot;id&quot;:3797,&quot;url&quot;:&quot;https:\\\/\\\/taula-26.com\\\/wp-content\\\/uploads\\\/2026\\\/03\\\/IMG-20260311-WA0012.jpg&quot;},{&quot;id&quot;:3798,&quot;url&quot;:&quot;https:\\\/\\\/taula-26.com\\\/wp-content\\\/uploads\\\/2026\\\/03\\\/IMG-20260311-WA0017.jpg&quot;}],&quot;background_slideshow_ken_burns&quot;:&quot;yes&quot;,&quot;background_slideshow_loop&quot;:&quot;yes&quot;,&quot;background_slideshow_slide_duration&quot;:5000,&quot;background_slideshow_slide_transition&quot;:&quot;fade&quot;,&quot;background_slideshow_transition_duration&quot;:500,&quot;background_slideshow_ken_burns_zoom_direction&quot;:&quot;in&quot;}\">\n\t\t\t\t<\/div>\n\t\t\t\t\t<\/div>\n\t\t\t\t<\/div>\n\t\t\t\t<\/div>\n\t\t","protected":false},"excerpt":{"rendered":"<p>Carta del restaurant a Vilanova i la Geltr\u00fa Carta que parla de qu\u00e8 som avui Inici A Taula_26 apostem per una cuina senzilla i cuidada, basada en el respecte pel producte i la temporalitat. La nostra carta evoluciona per oferir sempre sabors equilibrats, plats pensats per compartir i una experi\u00e8ncia gastron\u00f2mica aut\u00e8ntica, sense artificis. Veure [&hellip;]<\/p>\n","protected":false},"author":1,"featured_media":0,"parent":0,"menu_order":0,"comment_status":"closed","ping_status":"closed","template":"","meta":{"menu_setmanal_pdf":"","menu_setmanal_data":"","footnotes":""},"class_list":["post-2691","page","type-page","status-publish","hentry"],"_links":{"self":[{"href":"https:\/\/taula-26.com\/en\/wp-json\/wp\/v2\/pages\/2691","targetHints":{"allow":["GET"]}}],"collection":[{"href":"https:\/\/taula-26.com\/en\/wp-json\/wp\/v2\/pages"}],"about":[{"href":"https:\/\/taula-26.com\/en\/wp-json\/wp\/v2\/types\/page"}],"author":[{"embeddable":true,"href":"https:\/\/taula-26.com\/en\/wp-json\/wp\/v2\/users\/1"}],"replies":[{"embeddable":true,"href":"https:\/\/taula-26.com\/en\/wp-json\/wp\/v2\/comments?post=2691"}],"version-history":[{"count":127,"href":"https:\/\/taula-26.com\/en\/wp-json\/wp\/v2\/pages\/2691\/revisions"}],"predecessor-version":[{"id":3801,"href":"https:\/\/taula-26.com\/en\/wp-json\/wp\/v2\/pages\/2691\/revisions\/3801"}],"wp:attachment":[{"href":"https:\/\/taula-26.com\/en\/wp-json\/wp\/v2\/media?parent=2691"}],"curies":[{"name":"wp","href":"https:\/\/api.w.org\/{rel}","templated":true}]}}