{"id":1049,"date":"2024-09-13T06:17:21","date_gmt":"2024-09-13T06:17:21","guid":{"rendered":"https:\/\/taula-26.com\/?page_id=1049"},"modified":"2025-12-02T10:09:45","modified_gmt":"2025-12-02T10:09:45","slug":"privacy-policy","status":"publish","type":"page","link":"https:\/\/taula-26.com\/en\/politica-de-privacitat\/","title":{"rendered":"Privacy policy"},"content":{"rendered":"\t\t<div data-elementor-type=\"wp-page\" data-elementor-id=\"1049\" class=\"elementor elementor-1049\" data-elementor-post-type=\"page\">\n\t\t\t\t<div class=\"elementor-element elementor-element-f0c99e0 e-con-full e-flex e-con e-parent\" data-id=\"f0c99e0\" data-element_type=\"container\" data-e-type=\"container\" data-settings=\"{&quot;background_background&quot;:&quot;slideshow&quot;,&quot;background_slideshow_gallery&quot;:[{&quot;id&quot;:2654,&quot;url&quot;:&quot;https:\\\/\\\/taula-26.com\\\/wp-content\\\/uploads\\\/2025\\\/11\\\/Taula26_Madvelous_CarlosRodelasMedia-26-scaled.jpg&quot;},{&quot;id&quot;:2826,&quot;url&quot;:&quot;https:\\\/\\\/taula-26.com\\\/wp-content\\\/uploads\\\/2025\\\/11\\\/2506-Taula26-Ambient-64-scaled.jpg&quot;},{&quot;id&quot;:2904,&quot;url&quot;:&quot;https:\\\/\\\/taula-26.com\\\/wp-content\\\/uploads\\\/2025\\\/11\\\/Taula26_Madvelous_CarlosRodelasMedia-12-1-scaled.jpg&quot;}],&quot;background_slideshow_ken_burns&quot;:&quot;yes&quot;,&quot;background_slideshow_loop&quot;:&quot;yes&quot;,&quot;background_slideshow_slide_duration&quot;:5000,&quot;background_slideshow_slide_transition&quot;:&quot;fade&quot;,&quot;background_slideshow_transition_duration&quot;:500,&quot;background_slideshow_ken_burns_zoom_direction&quot;:&quot;in&quot;}\">\n\t\t<div class=\"elementor-element elementor-element-e0575d9 e-con-full e-flex elementor-invisible e-con e-child\" data-id=\"e0575d9\" data-element_type=\"container\" data-e-type=\"container\" data-settings=\"{&quot;animation&quot;:&quot;fadeInUp&quot;}\">\n\t\t\t\t<div class=\"elementor-element elementor-element-7e48e6d elementor-invisible elementor-widget elementor-widget-heading\" data-id=\"7e48e6d\" data-element_type=\"widget\" data-e-type=\"widget\" data-settings=\"{&quot;_animation&quot;:&quot;fadeInUp&quot;}\" data-widget_type=\"heading.default\">\n\t\t\t\t<div class=\"elementor-widget-container\">\n\t\t\t\t\t<p class=\"elementor-heading-title elementor-size-default\">Restaurant a Vilanova i la Geltr\u00fa<\/p>\t\t\t\t<\/div>\n\t\t\t\t<\/div>\n\t\t\t\t<div class=\"elementor-element elementor-element-51afeb9 elementor-invisible elementor-widget elementor-widget-heading\" data-id=\"51afeb9\" data-element_type=\"widget\" data-e-type=\"widget\" data-settings=\"{&quot;_animation&quot;:&quot;fadeInUp&quot;,&quot;_animation_delay&quot;:100}\" data-widget_type=\"heading.default\">\n\t\t\t\t<div class=\"elementor-widget-container\">\n\t\t\t\t\t<h1 class=\"elementor-heading-title elementor-size-default\">Pol\u00edtica de privacitat<\/h1>\t\t\t\t<\/div>\n\t\t\t\t<\/div>\n\t\t\t\t<\/div>\n\t\t\t\t<\/div>\n\t\t<div class=\"elementor-element elementor-element-7aa49bd e-flex e-con-boxed e-con e-parent\" data-id=\"7aa49bd\" data-element_type=\"container\" data-e-type=\"container\">\n\t\t\t\t\t<div class=\"e-con-inner\">\n\t\t\t\t<div class=\"elementor-element elementor-element-7bf3b36 elementor-widget elementor-widget-text-editor\" data-id=\"7bf3b36\" data-element_type=\"widget\" data-e-type=\"widget\" data-widget_type=\"text-editor.default\">\n\t\t\t\t<div class=\"elementor-widget-container\">\n\t\t\t\t\t\t\t\t\t<p data-pm-slice=\"1 1 []\">La present Pol\u00edtica de Privacitat constitueix, juntament amb les Normes de participaci\u00f3 i l\u2019av\u00eds legal, el marc jur\u00eddic que regula l\u2019\u00fas del lloc web <a href=\"https:\/\/taula-26.com\/\">https:\/\/taula-26.com\/<\/a>.\u00a0Aquesta Pol\u00edtica de Privacitat regula espec\u00edficament l\u2019\u00fas i el tractament que L\u2019EMPRESA fa de les seves dades de car\u00e0cter personal com a usuari del lloc web, ja que en accedir a aquesta p\u00e0gina web passa a tenir la condici\u00f3 d\u2019usuari d\u2019aquest lloc web (en endavant, \u201cl\u2019Usuari\u201d).<\/p><p>Aquest lloc web \u00e9s propietat de:<\/p><p><span style=\"font-weight: 400;\">INVEROLD 2013 SL<\/span>, amb domicili social a <span style=\"font-size: 16px;\">Carrer de Puigcerd\u00e0, 16 <\/span><span style=\"font-size: 16px;\">08800 Vilanova i la Geltr\u00fa, Barcelona\u00a0<\/span> i CIF: <span style=\"font-weight: 400;\">B65994014<\/span>, en endavant L\u2019EMPRESA.<\/p><p>En el lloc web trobar\u00e0 a la seva disposici\u00f3 aquesta Pol\u00edtica de Privacitat en catal\u00e0 per tal que la pugui consultar, arxivar o imprimir en qualsevol moment. \u00c9s possible que vari\u00ef amb el temps com a conseq\u00fc\u00e8ncia de canvis en el lloc web, novetats legislatives o jurisprudencials, o per l\u2019aparici\u00f3 de nous criteris de l\u2019Ag\u00e8ncia Espanyola de Protecci\u00f3 de Dades o de la nova normativa europea que ens obligui a realitzar futures modificacions. Per aix\u00f2, L\u2019EMPRESA es reserva el dret a modificar aquesta Pol\u00edtica de Privacitat i recomana llegir-la detingudament cada vegada que accedeixi al lloc web.<\/p><p><strong>Confidencialitat<\/strong><\/p><p>L\u2019EMPRESA es compromet a complir la seva obligaci\u00f3 de secret de les dades de car\u00e0cter personal i el deure de guardar-les de forma confidencial, adoptant les mesures necess\u00e0ries per evitar-ne l\u2019alteraci\u00f3, p\u00e8rdua, tractament o acc\u00e9s no autoritzat, tenint en compte en tot moment l\u2019estat de la tecnologia.<\/p><p><strong>Seguretat de les dades<\/strong><\/p><p>L\u2019EMPRESA garanteix l\u2019adopci\u00f3 de les mesures oportunes per assegurar el tractament confidencial d\u2019aquestes dades. Per aix\u00f2, ha implantat totes les mesures de seguretat t\u00e8cniques i organitzatives necess\u00e0ries que garanteixin la integritat, confidencialitat i disponibilitat de les dades personals facilitades per l\u2019usuari, en particular les estipulades en el RGPD (Reglament General de Protecci\u00f3 de Dades \u2013 UE 2016\/679, de 27 d\u2019abril), que ha ampliat l\u2019abast de la Llei Org\u00e0nica 15\/1999, de 13 de desembre, de Protecci\u00f3 de Dades de Car\u00e0cter Personal (LOPD) i el seu Reglament de Desenvolupament RD 1720\/2007.<\/p><p><strong>Protecci\u00f3 de dades de car\u00e0cter personal<\/strong><\/p><p>Les dades personals facilitades volunt\u00e0riament seran tractades de forma confidencial, sota la protecci\u00f3 i les especificacions contingudes en el reglament vigent, i es recolliran en un fitxer degudament inscrit a l\u2019Ag\u00e8ncia de Protecci\u00f3 de Dades, el responsable del qual \u00e9s L\u2019EMPRESA, i la finalitat del qual \u00e9s la gesti\u00f3 dels usuaris i subscriptors, aix\u00ed com la venda en l\u00ednia de productes i la resoluci\u00f3 de consultes.<\/p><p>La base legal per al tractament de dades \u00e9s el consentiment del subscriptor. Tractem les dades personals dels inscrits al butllet\u00ed amb la finalitat exclusiva d\u2019enviar-los la nostra newsletter. Tractem les dades personals dels usuaris registrats i els subscriptors de pagament amb la finalitat \u00fanica de gestionar la seva vinculaci\u00f3 amb L\u2019EMPRESA, el cobrament de les quotes (si s\u2019escau), l\u2019organitzaci\u00f3 d\u2019activitats i campanyes i l\u2019enviament de comunicacions informatives i comercials (tamb\u00e9 per via electr\u00f2nica).<\/p><p>Les dades personals no es cediran a tercers (excepte per obligaci\u00f3 legal) i es conservaran durant el termini de sis (6) anys d\u2019acord amb la normativa comptable vigent i, si escau, durant deu (10) segons la normativa de prevenci\u00f3 de blanqueig de capitals.<\/p><p>L\u2019usuari pot accedir a les seves dades personals, aix\u00ed com sol\u00b7licitar la rectificaci\u00f3 de les dades inexactes o, si escau, sol\u00b7licitar la cancel\u00b7laci\u00f3 o supressi\u00f3 quan les dades ja no siguin necess\u00e0ries per als fins recollits. Tamb\u00e9 podr\u00e0 sol\u00b7licitar la limitaci\u00f3, portabilitat i oposici\u00f3 del tractament de les seves dades, en determinades circumst\u00e0ncies i per motius relacionats amb la seva situaci\u00f3 particular.<\/p><p>Podr\u00e0 revocar el consentiment per a l\u2019enviament de comunicacions comercials i exercir els drets referits anteriorment, mitjan\u00e7ant l\u2019enviament d\u2019un correu electr\u00f2nic a <span style=\"font-weight: 400;\"><a href=\"mailto:reserves@taula26.com\">reserves@taula26.com<\/a> <\/span>o <a href=\"mailto:reserves@taula26.com\">dirigint-se per correu ordinari al responsable del fitxer ubicat a l\u2019adre\u00e7a social de L\u2019EMPRESA<\/a>, en tots dos casos amb la refer\u00e8ncia: \u201cProtecci\u00f3 de Dades\u201d, mitjan\u00e7ant un escrit signat a tal efecte i adjuntant c\u00f2pia del seu DNI.<\/p><p><strong>Informaci\u00f3 sobre cookies<\/strong><\/p><p>El lloc web utilitza cookies durant la navegaci\u00f3 de l\u2019usuari per facilitar la personalitzaci\u00f3 i la comoditat de la navegaci\u00f3.<\/p><p>Una cookie \u00e9s un fragment d\u2019informaci\u00f3 enviat des d\u2019un servidor de p\u00e0gines web a un navegador que pot ser retornat pel navegador en accessos posteriors a aquest servidor. Les \u2018cookies\u2019 s\u2019associen a l\u2019usuari an\u00f2nim i al seu ordinador i no proporcionen per si mateixes ni el nom ni els cognoms de l\u2019usuari.<\/p><p>En aquest lloc web s\u2019utilitzen cookies de Google per mostrar anuncis publicitaris basats en anteriors visites a la web o a altres webs que tamb\u00e9 mostren anuncis de Google. Els usuaris poden optar per no admetre el seguiment mitjan\u00e7ant cookies de publicitat accedint a: <a href=\"https:\/\/www.google.com\/settings\/ads\" target=\"_blank\" rel=\"noopener noreferrer nofollow\">https:\/\/www.google.com\/settings\/ads<\/a><\/p><p><strong>Tipus de cookies<\/strong><\/p><p>&#8211; Cookies de registre: Per identificar l\u2019usuari que ha iniciat sessi\u00f3.<\/p><p>&#8211; Cookies de publicitat: Per poder oferir continguts publicitaris relacionats amb els interessos de l\u2019usuari, sigui directament o a trav\u00e9s de tercers anomenats Adservers.<\/p><p>&#8211; Cookies anal\u00edtiques: Per obtenir informaci\u00f3 relacionada amb la mesura de l\u2019audi\u00e8ncia.<\/p><p>&#8211; Cookies de geolocalitzaci\u00f3: Donen informaci\u00f3 sobre la ubicaci\u00f3 geogr\u00e0fica de l\u2019usuari.<\/p><p>L\u2019usuari t\u00e9 la possibilitat de configurar el seu navegador de manera que sigui informat de la recepci\u00f3 de \u2018cookies\u2019, amb la possibilitat, si ho desitja, d\u2019impedir que s\u2019instal\u00b7lin al seu disc dur. No obstant aix\u00f2, per accedir al lloc web no \u00e9s obligat\u00f2ria la instal\u00b7laci\u00f3 de \u2018cookies\u2019.<\/p><p>Segons el tipus de navegador que utilitzi l\u2019usuari pot desactivar l\u2019\u00fas de les cookies a:<\/p><p>&#8211; Chrome: Configuraci\u00f3 &gt; Configuraci\u00f3 avan\u00e7ada &gt; Privacitat i seguretat &gt; Configuraci\u00f3 del contingut<\/p><p>&#8211; Firefox: Opcions &gt; Privacitat i seguretat<\/p><p>&#8211; Edge: Configuraci\u00f3 &gt; Configuraci\u00f3 avan\u00e7ada &gt; Privacitat i serveis<\/p><p>&#8211; Safari: Prefer\u00e8ncies &gt; Privacitat<\/p><p><strong>LSSICE<\/strong><\/p><p>Aix\u00ed mateix, informem que no utilitzem aquestes dades per enviar comunicacions comercials per correu electr\u00f2nic no sol\u00b7licitades o no autoritzades expressament i pr\u00e8viament per l\u2019interessat, segons all\u00f2 estipulat a la LSSICE.<\/p><p><strong>Comunicacions<\/strong><\/p><p>Per efectuar qualsevol notificaci\u00f3 en relaci\u00f3 amb el present contracte, L\u2019EMPRESA designa expressament com a domicili el que figura en aquest text i l\u2019usuari designa expressament com a domicili el que figuri en el formulari de sol\u00b7licitud. Per portar a terme la contractaci\u00f3, es compromet a mantenir operativa, activa i actualitzada l\u2019adre\u00e7a de correu electr\u00f2nic (e-mail) proporcionada per a les comunicacions amb L\u2019EMPRESA, ja que constitueix el mitj\u00e0 de comunicaci\u00f3 preferent (encara que no l\u2019\u00fanic). En general, l\u2019usuari es compromet i obliga a mantenir actualitzats de manera permanent les seves dades personals i de contacte; i ha de comunicar, de forma fefaent, qualsevol canvi. La manca d\u2019aquesta comunicaci\u00f3 implicar\u00e0 que es considerin v\u00e0lides les notificacions efectuades a l\u2019adre\u00e7a que constava en el formulari.<\/p><p><strong>Nul\u00b7litat i inefic\u00e0cia de les cl\u00e0usules<\/strong><\/p><p>Si qualsevol cl\u00e0usula de la present Pol\u00edtica de Privacitat juntament amb la Pol\u00edtica de Privacitat i la Pol\u00edtica de Cookies fos declarada totalment o parcialment nul\u00b7la o inefica\u00e7, afectar\u00e0 nom\u00e9s a aquesta disposici\u00f3 o part de la mateixa que resulti nul\u00b7la o inefica\u00e7, subsistint en tot el dem\u00e9s la resta de condicions generals i considerant-se tal disposici\u00f3 o la part de la mateixa que resulti afectada com a no posada, excepte que, de resultar essencial en les presents condicions generals, hagi d\u2019afectar-les de forma integral.<\/p><p><strong>Llei aplicable i jurisdicci\u00f3<\/strong><\/p><p>Per a la resoluci\u00f3 de totes les controv\u00e8rsies o q\u00fcestions relacionades amb<\/p><p>aquest lloc web o de les activitats que es desenvolupin, s\u2019aplicar\u00e0 la legislaci\u00f3 espanyola en tots els casos, a la qual se sotmeten expressament les parts. El sol fet de la utilitzaci\u00f3 dels serveis d\u2019aquest lloc web pressuposa l\u2019acceptaci\u00f3 expressa d\u2019aquesta acceptaci\u00f3 de la jurisdicci\u00f3 espanyola.<\/p><p>Aix\u00ed mateix, i amb l\u2019excepci\u00f3 del que s\u2019expressa al par\u00e0graf seg\u00fcent, les parts que intervenen acorden que tot litigi, discrep\u00e0ncia, q\u00fcesti\u00f3 o reclamaci\u00f3 resultant de l\u2019execuci\u00f3 o interpretaci\u00f3 de les presents condicions o relacionat, o d\u2019altres textos que puguin existir al lloc web, es resoldran definitivament mitjan\u00e7ant sotmetiment als Jutjats i Tribunals de Barcelona amb ren\u00fancia expressa a qualsevol altre fur o demarcaci\u00f3 jurisdiccional que pugui resultar competent.<\/p><p>El par\u00e0graf anterior no s\u2019aplica en cas que una de les parts sigui un consumidor o usuari segons la definici\u00f3 de la normativa de protecci\u00f3 dels Consumidors i Usuaris (Reial decret legislatiu 1\/2007, de 16 de novembre, pel qual s\u2019aprova el text ref\u00f3s de la Llei General per a la Defensa dels Consumidors i Usuaris i altres lleis complement\u00e0ries), en aquest cas, (i per un conflicte relacionat i emparat per la Llei) s\u2019aplicaria preferentment el lloc designat en aquesta legislaci\u00f3.<\/p>\t\t\t\t\t\t\t\t<\/div>\n\t\t\t\t<\/div>\n\t\t\t\t\t<\/div>\n\t\t\t\t<\/div>\n\t\t\t\t<\/div>\n\t\t","protected":false},"excerpt":{"rendered":"<p>Restaurant a Vilanova i la Geltr\u00fa La present Pol\u00edtica de Privacitat constitueix, juntament amb les Normes de participaci\u00f3 i l\u2019av\u00eds legal, el marc jur\u00eddic que regula l\u2019\u00fas del lloc web https:\/\/taula-26.com\/.\u00a0Aquesta Pol\u00edtica de Privacitat regula espec\u00edficament l\u2019\u00fas i el tractament que L\u2019EMPRESA fa de les seves dades de car\u00e0cter personal com a usuari del lloc [&hellip;]<\/p>\n","protected":false},"author":1,"featured_media":0,"parent":0,"menu_order":0,"comment_status":"closed","ping_status":"closed","template":"","meta":{"menu_setmanal_pdf":"","menu_setmanal_data":"","footnotes":""},"class_list":["post-1049","page","type-page","status-publish","hentry"],"_links":{"self":[{"href":"https:\/\/taula-26.com\/en\/wp-json\/wp\/v2\/pages\/1049","targetHints":{"allow":["GET"]}}],"collection":[{"href":"https:\/\/taula-26.com\/en\/wp-json\/wp\/v2\/pages"}],"about":[{"href":"https:\/\/taula-26.com\/en\/wp-json\/wp\/v2\/types\/page"}],"author":[{"embeddable":true,"href":"https:\/\/taula-26.com\/en\/wp-json\/wp\/v2\/users\/1"}],"replies":[{"embeddable":true,"href":"https:\/\/taula-26.com\/en\/wp-json\/wp\/v2\/comments?post=1049"}],"version-history":[{"count":7,"href":"https:\/\/taula-26.com\/en\/wp-json\/wp\/v2\/pages\/1049\/revisions"}],"predecessor-version":[{"id":3025,"href":"https:\/\/taula-26.com\/en\/wp-json\/wp\/v2\/pages\/1049\/revisions\/3025"}],"wp:attachment":[{"href":"https:\/\/taula-26.com\/en\/wp-json\/wp\/v2\/media?parent=1049"}],"curies":[{"name":"wp","href":"https:\/\/api.w.org\/{rel}","templated":true}]}}